{"id":2185,"date":"2016-12-27T10:41:03","date_gmt":"2016-12-27T10:41:03","guid":{"rendered":"https:\/\/www.arkasa.cat\/agenda-cuaderno-bolso\/brussel%c2%b7les\/"},"modified":"2026-01-11T19:01:09","modified_gmt":"2026-01-11T18:01:09","slug":"agenda-brussel%c2%b7les","status":"publish","type":"product","link":"https:\/\/www.arkasa.cat\/ca\/agenda-cuaderno-bolso\/agenda-brussel%c2%b7les\/","title":{"rendered":"Brussel\u00b7les"},"content":{"rendered":"<p>Col\u00b7lecci\u00f3 BRUSSEL\u00b7LES.<\/p>\n<p>Agenda\u00a0 2026. Format setmana vista en diferents idiomes de mida mitjana(A6) ideal per a portar sempre amb tu o mida gran (A5), per a aquells que necessiten m\u00e9s espai.<\/p>\n<p>Feta \u00edntegrament a m\u00e0 amb paper reciclat de 90 gr. Pell tallada artesanalment, amb les imperfeccions pr\u00f2pies del cuir. Fulles en blanc al final, m\u00e9s de 100, tallades a m\u00e0 i cosides a la pell. Amb dos pl\u00e0stics al final per a poder guardar coses. Planificador mensual i p\u00e0gines per a llistes.<\/p>\n<p>Tanca amb goma el\u00e0stica.<\/p>\n<p>Personalitza l\u2019agenda amb el teu nom a la solapa.<\/p>\n<p>*Cada any es pot canviar l&#8217;agenda interior.<\/p>\n<p>**La pell prov\u00e9 d\u2019animals destinats al consum de carn, en cap cas se sacrifiquen animals per a l\u2019\u00fas de la seva pell.<\/p>\n","protected":false},"excerpt":{"rendered":"<p>Col\u00b7lecci\u00f3 BRUSSEL\u00b7LES. Agenda\u00a0 2026. Format setmana vista en diferents idiomes de mida mitjana(A6) ideal per a portar sempre amb tu o mida gran (A5), per a aquells que necessiten m\u00e9s espai. Feta \u00edntegrament a m\u00e0 amb paper reciclat de 90 gr. Pell tallada artesanalment, amb les imperfeccions pr\u00f2pies del cuir. Fulles en blanc al final, [&hellip;]<\/p>\n","protected":false},"featured_media":2518,"comment_status":"open","ping_status":"closed","template":"","meta":{"_acf_changed":false},"product_brand":[],"product_cat":[65],"product_tag":[],"class_list":{"0":"post-2185","1":"product","2":"type-product","3":"status-publish","4":"has-post-thumbnail","6":"product_cat-agendes","7":"product_shipping_class-envio","9":"first","10":"instock","11":"sale","12":"taxable","13":"shipping-taxable","14":"purchasable","15":"product-type-variable","16":"has-default-attributes"},"acf":[],"_links":{"self":[{"href":"https:\/\/www.arkasa.cat\/ca\/wp-json\/wp\/v2\/product\/2185","targetHints":{"allow":["GET"]}}],"collection":[{"href":"https:\/\/www.arkasa.cat\/ca\/wp-json\/wp\/v2\/product"}],"about":[{"href":"https:\/\/www.arkasa.cat\/ca\/wp-json\/wp\/v2\/types\/product"}],"replies":[{"embeddable":true,"href":"https:\/\/www.arkasa.cat\/ca\/wp-json\/wp\/v2\/comments?post=2185"}],"wp:featuredmedia":[{"embeddable":true,"href":"https:\/\/www.arkasa.cat\/ca\/wp-json\/wp\/v2\/media\/2518"}],"wp:attachment":[{"href":"https:\/\/www.arkasa.cat\/ca\/wp-json\/wp\/v2\/media?parent=2185"}],"wp:term":[{"taxonomy":"product_brand","embeddable":true,"href":"https:\/\/www.arkasa.cat\/ca\/wp-json\/wp\/v2\/product_brand?post=2185"},{"taxonomy":"product_cat","embeddable":true,"href":"https:\/\/www.arkasa.cat\/ca\/wp-json\/wp\/v2\/product_cat?post=2185"},{"taxonomy":"product_tag","embeddable":true,"href":"https:\/\/www.arkasa.cat\/ca\/wp-json\/wp\/v2\/product_tag?post=2185"}],"curies":[{"name":"wp","href":"https:\/\/api.w.org\/{rel}","templated":true}]}}