{"id":2189,"date":"2017-01-16T12:44:33","date_gmt":"2017-01-16T11:44:33","guid":{"rendered":"https:\/\/www.arkasa.cat\/agenda-cuaderno-bolso\/funda-per-a-moleskine\/"},"modified":"2017-01-16T12:44:33","modified_gmt":"2017-01-16T12:44:33","slug":"funda-per-a-moleskine","status":"publish","type":"product","link":"https:\/\/www.arkasa.cat\/ca\/agenda-cuaderno-bolso\/funda-per-a-moleskine\/","title":{"rendered":"Funda per a Moleskine"},"content":{"rendered":"<p>Col\u00b7lecci\u00f3 BARCELONA.<\/p>\n<p>Funda per a Moleskine, feta a m\u00e0 amb pell tallada artesanalment i cosida a m\u00e0.<\/p>\n<p>Tres mides disponibles, per a Moleskine A6 (14 cm x 9cm), per a Moleskine A5 (21cm x 13cm) i Moleskine XL (19 cm x 25 cm).<\/p>\n<p>Pots marcar la funda amb les inicials.<\/p>\n<p>NO INCLOU MOLESKINE<\/p>\n<p>*La pell prov\u00e9 d\u2019animals destinats al consum de carn, en cap cas es sacrifiquen animals per a l\u2019\u00fas de la seva pell.<\/p>\n","protected":false},"excerpt":{"rendered":"<p>Col\u00b7lecci\u00f3 BARCELONA. Funda per a Moleskine, feta a m\u00e0 amb pell tallada artesanalment i cosida a m\u00e0. Tres mides disponibles, per a Moleskine A6 (14 cm x 9cm), per a Moleskine A5 (21cm x 13cm) i Moleskine XL (19 cm x 25 cm). Pots marcar la funda amb les inicials. NO INCLOU MOLESKINE *La pell [&hellip;]<\/p>\n","protected":false},"featured_media":2541,"comment_status":"open","ping_status":"closed","template":"","meta":{"_acf_changed":false},"product_brand":[],"product_cat":[69],"product_tag":[],"class_list":{"0":"post-2189","1":"product","2":"type-product","3":"status-publish","4":"has-post-thumbnail","6":"product_cat-idees","7":"product_shipping_class-envio","9":"first","10":"instock","11":"taxable","12":"shipping-taxable","13":"purchasable","14":"product-type-variable"},"acf":[],"_links":{"self":[{"href":"https:\/\/www.arkasa.cat\/ca\/wp-json\/wp\/v2\/product\/2189","targetHints":{"allow":["GET"]}}],"collection":[{"href":"https:\/\/www.arkasa.cat\/ca\/wp-json\/wp\/v2\/product"}],"about":[{"href":"https:\/\/www.arkasa.cat\/ca\/wp-json\/wp\/v2\/types\/product"}],"replies":[{"embeddable":true,"href":"https:\/\/www.arkasa.cat\/ca\/wp-json\/wp\/v2\/comments?post=2189"}],"wp:featuredmedia":[{"embeddable":true,"href":"https:\/\/www.arkasa.cat\/ca\/wp-json\/wp\/v2\/media\/2541"}],"wp:attachment":[{"href":"https:\/\/www.arkasa.cat\/ca\/wp-json\/wp\/v2\/media?parent=2189"}],"wp:term":[{"taxonomy":"product_brand","embeddable":true,"href":"https:\/\/www.arkasa.cat\/ca\/wp-json\/wp\/v2\/product_brand?post=2189"},{"taxonomy":"product_cat","embeddable":true,"href":"https:\/\/www.arkasa.cat\/ca\/wp-json\/wp\/v2\/product_cat?post=2189"},{"taxonomy":"product_tag","embeddable":true,"href":"https:\/\/www.arkasa.cat\/ca\/wp-json\/wp\/v2\/product_tag?post=2189"}],"curies":[{"name":"wp","href":"https:\/\/api.w.org\/{rel}","templated":true}]}}