{"id":2193,"date":"2017-02-13T18:48:04","date_gmt":"2017-02-13T17:48:04","guid":{"rendered":"https:\/\/www.arkasa.cat\/agenda-cuaderno-bolso\/bratislava\/"},"modified":"2024-01-16T18:13:35","modified_gmt":"2024-01-16T17:13:35","slug":"quadern-bratislava","status":"publish","type":"product","link":"https:\/\/www.arkasa.cat\/ca\/agenda-cuaderno-bolso\/quadern-bratislava\/","title":{"rendered":"BRATISLAVA"},"content":{"rendered":"<p>Col\u00b7lecci\u00f3 quaderns BRATISLAVA.<\/p>\n<p>Notebook disponible en dos mides, mida gran (20 cm x 14 cm x 2 cm), ideal per a prendre notes, i mida mitjana ( 15 cm x 10 cm x 3 cm), ideal per a portar sempre amb tu.<\/p>\n<p>Fet \u00edntegrament a m\u00e0. Pell tallada artesanalment, amb les imperfeccions pr\u00f2pies del cuir. Fulles en blanc de paper reciclat a l\u2019interior (al voltant de 200 en la mida gran i 320 en la petita), tallades a m\u00e0 i cosides a la pell amb fil.<\/p>\n<p>Tanca amb goma el\u00e0stica i amb detall met\u00e0l\u00b7lic al lateral.<\/p>\n<p>Pots personaltizar el notebook amb el teu nom a la solapa.<\/p>\n<p>*Quan no quedin fulles,\u00e9s possible reomplir-lo. Opci\u00f3 disponible a la web.<\/p>\n<p>**La pell prov\u00e9 d\u2019animals destinats al consum de carn, en cap cas es sacrifiquen animals per a l\u2019\u00fas de la seva pell.<\/p>\n","protected":false},"excerpt":{"rendered":"<p>Col\u00b7lecci\u00f3 quaderns BRATISLAVA. Notebook disponible en dos mides, mida gran (20 cm x 14 cm x 2 cm), ideal per a prendre notes, i mida mitjana ( 15 cm x 10 cm x 3 cm), ideal per a portar sempre amb tu. Fet \u00edntegrament a m\u00e0. Pell tallada artesanalment, amb les imperfeccions pr\u00f2pies del cuir. [&hellip;]<\/p>\n","protected":false},"featured_media":2498,"comment_status":"open","ping_status":"closed","template":"","meta":{"_acf_changed":false},"product_brand":[],"product_cat":[68],"product_tag":[],"class_list":{"0":"post-2193","1":"product","2":"type-product","3":"status-publish","4":"has-post-thumbnail","6":"product_cat-quaderns","7":"product_shipping_class-envio","9":"first","10":"outofstock","11":"taxable","12":"shipping-taxable","13":"purchasable","14":"product-type-variable"},"acf":[],"_links":{"self":[{"href":"https:\/\/www.arkasa.cat\/ca\/wp-json\/wp\/v2\/product\/2193","targetHints":{"allow":["GET"]}}],"collection":[{"href":"https:\/\/www.arkasa.cat\/ca\/wp-json\/wp\/v2\/product"}],"about":[{"href":"https:\/\/www.arkasa.cat\/ca\/wp-json\/wp\/v2\/types\/product"}],"replies":[{"embeddable":true,"href":"https:\/\/www.arkasa.cat\/ca\/wp-json\/wp\/v2\/comments?post=2193"}],"wp:featuredmedia":[{"embeddable":true,"href":"https:\/\/www.arkasa.cat\/ca\/wp-json\/wp\/v2\/media\/2498"}],"wp:attachment":[{"href":"https:\/\/www.arkasa.cat\/ca\/wp-json\/wp\/v2\/media?parent=2193"}],"wp:term":[{"taxonomy":"product_brand","embeddable":true,"href":"https:\/\/www.arkasa.cat\/ca\/wp-json\/wp\/v2\/product_brand?post=2193"},{"taxonomy":"product_cat","embeddable":true,"href":"https:\/\/www.arkasa.cat\/ca\/wp-json\/wp\/v2\/product_cat?post=2193"},{"taxonomy":"product_tag","embeddable":true,"href":"https:\/\/www.arkasa.cat\/ca\/wp-json\/wp\/v2\/product_tag?post=2193"}],"curies":[{"name":"wp","href":"https:\/\/api.w.org\/{rel}","templated":true}]}}