{"id":2199,"date":"2017-10-02T14:46:43","date_gmt":"2017-10-02T14:46:43","guid":{"rendered":"https:\/\/www.arkasa.cat\/agenda-cuaderno-bolso\/amsterdam-2\/"},"modified":"2025-10-08T12:30:34","modified_gmt":"2025-10-08T10:30:34","slug":"agenda-amsterdam","status":"publish","type":"product","link":"https:\/\/www.arkasa.cat\/ca\/agenda-cuaderno-bolso\/agenda-amsterdam\/","title":{"rendered":"AMSTERDAM"},"content":{"rendered":"<p>Col\u00b7lecci\u00f3 AMSTERDAM.<\/p>\n<p>Agenda 2026. Format setmana vista en diferents idiomes. Disponible en mida mitjana (A6) ideal per a portar sempre amb tu, i en tamany gran (A5).<\/p>\n<p>Feta \u00edntegrament a m\u00e0 amb paper reciclat de 90 gr. Pell tallada artesanalment, amb les imperfeccions pr\u00f2pies d&#8217;aquesta. Fulles en blanc al final, m\u00e9s de 100, tallades a m\u00e0 i cosides a la pell, amb dos sobres de pl\u00e0stic per poder guardar coses.<\/p>\n<p>Tanca\u00a0amb goma el\u00e0stica i clau com a detall met\u00e0l\u00b7lic.<\/p>\n<p>Pots personalitzar l&#8217;agenda\u00a0amb el teu nom\u00a0a la solapa.<\/p>\n<p>*Cada any, es pot canviar l&#8217;agenda interior.<\/p>\n<p>*La pell prov\u00e9 d&#8217;animals destinats al consum de carn, en\u00a0cap cas se sacrifiquen animals per a l&#8217;\u00fas de la seva pell<\/p>\n","protected":false},"excerpt":{"rendered":"<p>Col\u00b7lecci\u00f3 AMSTERDAM. Agenda 2026. Format setmana vista en diferents idiomes. Disponible en mida mitjana (A6) ideal per a portar sempre amb tu, i en tamany gran (A5). Feta \u00edntegrament a m\u00e0 amb paper reciclat de 90 gr. Pell tallada artesanalment, amb les imperfeccions pr\u00f2pies d&#8217;aquesta. Fulles en blanc al final, m\u00e9s de 100, tallades a [&hellip;]<\/p>\n","protected":false},"featured_media":2508,"comment_status":"open","ping_status":"closed","template":"","meta":{"_acf_changed":false},"product_brand":[],"product_cat":[65],"product_tag":[],"class_list":{"0":"post-2199","1":"product","2":"type-product","3":"status-publish","4":"has-post-thumbnail","6":"product_cat-agendes","7":"product_shipping_class-envio","9":"first","10":"instock","11":"sale","12":"taxable","13":"shipping-taxable","14":"purchasable","15":"product-type-variable"},"acf":[],"_links":{"self":[{"href":"https:\/\/www.arkasa.cat\/ca\/wp-json\/wp\/v2\/product\/2199","targetHints":{"allow":["GET"]}}],"collection":[{"href":"https:\/\/www.arkasa.cat\/ca\/wp-json\/wp\/v2\/product"}],"about":[{"href":"https:\/\/www.arkasa.cat\/ca\/wp-json\/wp\/v2\/types\/product"}],"replies":[{"embeddable":true,"href":"https:\/\/www.arkasa.cat\/ca\/wp-json\/wp\/v2\/comments?post=2199"}],"wp:featuredmedia":[{"embeddable":true,"href":"https:\/\/www.arkasa.cat\/ca\/wp-json\/wp\/v2\/media\/2508"}],"wp:attachment":[{"href":"https:\/\/www.arkasa.cat\/ca\/wp-json\/wp\/v2\/media?parent=2199"}],"wp:term":[{"taxonomy":"product_brand","embeddable":true,"href":"https:\/\/www.arkasa.cat\/ca\/wp-json\/wp\/v2\/product_brand?post=2199"},{"taxonomy":"product_cat","embeddable":true,"href":"https:\/\/www.arkasa.cat\/ca\/wp-json\/wp\/v2\/product_cat?post=2199"},{"taxonomy":"product_tag","embeddable":true,"href":"https:\/\/www.arkasa.cat\/ca\/wp-json\/wp\/v2\/product_tag?post=2199"}],"curies":[{"name":"wp","href":"https:\/\/api.w.org\/{rel}","templated":true}]}}