{"id":2204,"date":"2017-11-17T08:49:55","date_gmt":"2017-11-17T08:49:55","guid":{"rendered":"https:\/\/www.arkasa.cat\/agenda-cuaderno-bolso\/recanvi-dagenda\/"},"modified":"2025-10-08T12:26:00","modified_gmt":"2025-10-08T10:26:00","slug":"recanvi-d-agenda","status":"publish","type":"product","link":"https:\/\/www.arkasa.cat\/ca\/agenda-cuaderno-bolso\/recanvi-d-agenda\/","title":{"rendered":"Recanvi d&#8217;agenda"},"content":{"rendered":"<p>*Recanvis 2026 per agenda.<\/p>\n<p>Quan estigui a punt d&#8217;acabar l&#8217;any i\u00a0vulguis canviar l&#8217;interior de la teva agenda per la del pr\u00f2xim,\u00a0talla\u00a0els fils del lateral\u00a0i\u00a0amb cura\u00a0separa\u00a0totes les llibretes interiors. Fica la pell a un sobre. Quan facis la comanda, recorda ficar la direcci\u00f3 on vols que recollim el sobre i a NOTES DE LA COMANDA indica els dies i la franja hor\u00e0ria que et va b\u00e9 que passem a recollir-lo. Uns dies despr\u00e9s rebr\u00e0s l&#8217;agenda a casa teva o a la direcci\u00f3 que hagis indicat.<\/p>\n<p>En fer la comanda,\u00a0tria\u00a0als desplegables el tipus d&#8217;agenda i l&#8217;idioma. En entrar en el proc\u00e9s de pagament, a NOTES\u00a0DE LA COMANDA pots dir-nos si\u00a0vols canviar el color del fil del lateral.<\/p>\n<p>&nbsp;<\/p>\n","protected":false},"excerpt":{"rendered":"<p>*Recanvis 2026 per agenda. Quan estigui a punt d&#8217;acabar l&#8217;any i\u00a0vulguis canviar l&#8217;interior de la teva agenda per la del pr\u00f2xim,\u00a0talla\u00a0els fils del lateral\u00a0i\u00a0amb cura\u00a0separa\u00a0totes les llibretes interiors. Fica la pell a un sobre. Quan facis la comanda, recorda ficar la direcci\u00f3 on vols que recollim el sobre i a NOTES DE LA COMANDA indica [&hellip;]<\/p>\n","protected":false},"featured_media":2464,"comment_status":"open","ping_status":"closed","template":"","meta":{"_acf_changed":false},"product_brand":[],"product_cat":[65],"product_tag":[],"class_list":{"0":"post-2204","1":"product","2":"type-product","3":"status-publish","4":"has-post-thumbnail","6":"product_cat-agendes","7":"product_shipping_class-envio","9":"first","10":"instock","11":"taxable","12":"shipping-taxable","13":"purchasable","14":"product-type-variable"},"acf":[],"_links":{"self":[{"href":"https:\/\/www.arkasa.cat\/ca\/wp-json\/wp\/v2\/product\/2204","targetHints":{"allow":["GET"]}}],"collection":[{"href":"https:\/\/www.arkasa.cat\/ca\/wp-json\/wp\/v2\/product"}],"about":[{"href":"https:\/\/www.arkasa.cat\/ca\/wp-json\/wp\/v2\/types\/product"}],"replies":[{"embeddable":true,"href":"https:\/\/www.arkasa.cat\/ca\/wp-json\/wp\/v2\/comments?post=2204"}],"wp:featuredmedia":[{"embeddable":true,"href":"https:\/\/www.arkasa.cat\/ca\/wp-json\/wp\/v2\/media\/2464"}],"wp:attachment":[{"href":"https:\/\/www.arkasa.cat\/ca\/wp-json\/wp\/v2\/media?parent=2204"}],"wp:term":[{"taxonomy":"product_brand","embeddable":true,"href":"https:\/\/www.arkasa.cat\/ca\/wp-json\/wp\/v2\/product_brand?post=2204"},{"taxonomy":"product_cat","embeddable":true,"href":"https:\/\/www.arkasa.cat\/ca\/wp-json\/wp\/v2\/product_cat?post=2204"},{"taxonomy":"product_tag","embeddable":true,"href":"https:\/\/www.arkasa.cat\/ca\/wp-json\/wp\/v2\/product_tag?post=2204"}],"curies":[{"name":"wp","href":"https:\/\/api.w.org\/{rel}","templated":true}]}}