{"id":2210,"date":"2018-09-26T16:50:27","date_gmt":"2018-09-26T14:50:27","guid":{"rendered":"https:\/\/www.arkasa.cat\/agenda-cuaderno-bolso\/necesser\/"},"modified":"2018-09-26T16:50:27","modified_gmt":"2018-09-26T16:50:27","slug":"necesser","status":"publish","type":"product","link":"https:\/\/www.arkasa.cat\/ca\/agenda-cuaderno-bolso\/necesser\/","title":{"rendered":"NECESSER"},"content":{"rendered":"<p>Necesser de pell fet a m\u00e0.<\/p>\n<p>Ideal per a portar tot el que necessites a la motxilla o a la bossa.<\/p>\n<p>*Est\u00e0 folrat per dins.<\/p>\n<p>**Disponible en diferents colors: blau, marr\u00f3 xocolata, vermell i marr\u00f3 cuir.<\/p>\n","protected":false},"excerpt":{"rendered":"<p>Necesser de pell fet a m\u00e0. Ideal per a portar tot el que necessites a la motxilla o a la bossa. *Est\u00e0 folrat per dins. **Disponible en diferents colors: blau, marr\u00f3 xocolata, vermell i marr\u00f3 cuir.<\/p>\n","protected":false},"featured_media":2673,"comment_status":"open","ping_status":"closed","template":"","meta":{"_acf_changed":false},"product_brand":[],"product_cat":[69],"product_tag":[],"class_list":{"0":"post-2210","1":"product","2":"type-product","3":"status-publish","4":"has-post-thumbnail","6":"product_cat-idees","7":"product_shipping_class-envio","9":"first","10":"instock","11":"taxable","12":"shipping-taxable","13":"purchasable","14":"product-type-variable"},"acf":[],"_links":{"self":[{"href":"https:\/\/www.arkasa.cat\/ca\/wp-json\/wp\/v2\/product\/2210","targetHints":{"allow":["GET"]}}],"collection":[{"href":"https:\/\/www.arkasa.cat\/ca\/wp-json\/wp\/v2\/product"}],"about":[{"href":"https:\/\/www.arkasa.cat\/ca\/wp-json\/wp\/v2\/types\/product"}],"replies":[{"embeddable":true,"href":"https:\/\/www.arkasa.cat\/ca\/wp-json\/wp\/v2\/comments?post=2210"}],"wp:featuredmedia":[{"embeddable":true,"href":"https:\/\/www.arkasa.cat\/ca\/wp-json\/wp\/v2\/media\/2673"}],"wp:attachment":[{"href":"https:\/\/www.arkasa.cat\/ca\/wp-json\/wp\/v2\/media?parent=2210"}],"wp:term":[{"taxonomy":"product_brand","embeddable":true,"href":"https:\/\/www.arkasa.cat\/ca\/wp-json\/wp\/v2\/product_brand?post=2210"},{"taxonomy":"product_cat","embeddable":true,"href":"https:\/\/www.arkasa.cat\/ca\/wp-json\/wp\/v2\/product_cat?post=2210"},{"taxonomy":"product_tag","embeddable":true,"href":"https:\/\/www.arkasa.cat\/ca\/wp-json\/wp\/v2\/product_tag?post=2210"}],"curies":[{"name":"wp","href":"https:\/\/api.w.org\/{rel}","templated":true}]}}