{"id":2214,"date":"2018-12-31T08:10:26","date_gmt":"2018-12-31T07:10:26","guid":{"rendered":"https:\/\/www.arkasa.cat\/agenda-cuaderno-bolso\/lisboa\/"},"modified":"2018-12-31T08:10:26","modified_gmt":"2018-12-31T08:10:26","slug":"lisboa","status":"publish","type":"product","link":"https:\/\/www.arkasa.cat\/ca\/agenda-cuaderno-bolso\/lisboa\/","title":{"rendered":"LISBOA"},"content":{"rendered":"<p>Necessites espai? Doncs est\u00e0s buscant en el lloc correcte.<\/p>\n<p>Les motxilles de pell\u00a0 ARKASA tenen una gran capacitat. En les seves\u00a0dos butxaques caben infinitat de coses, des d\u2019all\u00f2 que necessites per a aquest viatge que s\u2019apropa, fins l\u2019imprescindible per anar a la feina o a la universitat. Les nostres motxilles s\u00f3n aix\u00ed de vers\u00e0tils, s\u2019adapten al teu dia a dia.<\/p>\n<p>Les fem amb pell d&#8217;alta qualitat, el que es nota en el seu tacte i resist\u00e8ncia, cuidant cada detall en la seva elaboraci\u00f3.<\/p>\n<p>Amb nanses regulables que permeten que s\u2019adaptin a tu per ser el m\u00e9s c\u00f2modes possibles.<\/p>\n<p>Encara t\u2019ho est\u00e0s pensant?<\/p>\n","protected":false},"excerpt":{"rendered":"<p>Necessites espai? Doncs est\u00e0s buscant en el lloc correcte. Les motxilles de pell\u00a0 ARKASA tenen una gran capacitat. En les seves\u00a0dos butxaques caben infinitat de coses, des d\u2019all\u00f2 que necessites per a aquest viatge que s\u2019apropa, fins l\u2019imprescindible per anar a la feina o a la universitat. Les nostres motxilles s\u00f3n aix\u00ed de vers\u00e0tils, s\u2019adapten [&hellip;]<\/p>\n","protected":false},"featured_media":2550,"comment_status":"open","ping_status":"closed","template":"","meta":{"_acf_changed":false},"product_brand":[],"product_cat":[72],"product_tag":[],"class_list":{"0":"post-2214","1":"product","2":"type-product","3":"status-publish","4":"has-post-thumbnail","6":"product_cat-travelbags-ca","8":"first","9":"outofstock","10":"taxable","11":"shipping-taxable","12":"purchasable","13":"product-type-simple"},"acf":[],"_links":{"self":[{"href":"https:\/\/www.arkasa.cat\/ca\/wp-json\/wp\/v2\/product\/2214","targetHints":{"allow":["GET"]}}],"collection":[{"href":"https:\/\/www.arkasa.cat\/ca\/wp-json\/wp\/v2\/product"}],"about":[{"href":"https:\/\/www.arkasa.cat\/ca\/wp-json\/wp\/v2\/types\/product"}],"replies":[{"embeddable":true,"href":"https:\/\/www.arkasa.cat\/ca\/wp-json\/wp\/v2\/comments?post=2214"}],"wp:featuredmedia":[{"embeddable":true,"href":"https:\/\/www.arkasa.cat\/ca\/wp-json\/wp\/v2\/media\/2550"}],"wp:attachment":[{"href":"https:\/\/www.arkasa.cat\/ca\/wp-json\/wp\/v2\/media?parent=2214"}],"wp:term":[{"taxonomy":"product_brand","embeddable":true,"href":"https:\/\/www.arkasa.cat\/ca\/wp-json\/wp\/v2\/product_brand?post=2214"},{"taxonomy":"product_cat","embeddable":true,"href":"https:\/\/www.arkasa.cat\/ca\/wp-json\/wp\/v2\/product_cat?post=2214"},{"taxonomy":"product_tag","embeddable":true,"href":"https:\/\/www.arkasa.cat\/ca\/wp-json\/wp\/v2\/product_tag?post=2214"}],"curies":[{"name":"wp","href":"https:\/\/api.w.org\/{rel}","templated":true}]}}