{"id":2216,"date":"2019-01-15T11:53:56","date_gmt":"2019-01-15T10:53:56","guid":{"rendered":"https:\/\/www.arkasa.cat\/agenda-cuaderno-bolso\/menorca\/"},"modified":"2019-01-15T11:53:56","modified_gmt":"2019-01-15T11:53:56","slug":"menorca","status":"publish","type":"product","link":"https:\/\/www.arkasa.cat\/ca\/agenda-cuaderno-bolso\/menorca\/","title":{"rendered":"MENORCA"},"content":{"rendered":"<p>Bossa de pell de cap de setmana.<\/p>\n<p>Feta a m\u00e0 a Barcelona amb pell de proced\u00e8ncia nacional.<\/p>\n<p>No est\u00e0 folrada per dins.<\/p>\n<p>Nanses curtes i una nansa llarga que pot treure&#8217;s.<\/p>\n<p>*Pell de proced\u00e8ncia nacional i curtici\u00f3 vegetal, lliure de crom.<\/p>\n","protected":false},"excerpt":{"rendered":"<p>Bossa de pell de cap de setmana. Feta a m\u00e0 a Barcelona amb pell de proced\u00e8ncia nacional. No est\u00e0 folrada per dins. Nanses curtes i una nansa llarga que pot treure&#8217;s. *Pell de proced\u00e8ncia nacional i curtici\u00f3 vegetal, lliure de crom.<\/p>\n","protected":false},"featured_media":2460,"comment_status":"open","ping_status":"closed","template":"","meta":{"_acf_changed":false},"product_brand":[],"product_cat":[72],"product_tag":[],"class_list":{"0":"post-2216","1":"product","2":"type-product","3":"status-publish","4":"has-post-thumbnail","6":"product_cat-travelbags-ca","8":"first","9":"outofstock","10":"taxable","11":"shipping-taxable","12":"purchasable","13":"product-type-simple"},"acf":[],"_links":{"self":[{"href":"https:\/\/www.arkasa.cat\/ca\/wp-json\/wp\/v2\/product\/2216","targetHints":{"allow":["GET"]}}],"collection":[{"href":"https:\/\/www.arkasa.cat\/ca\/wp-json\/wp\/v2\/product"}],"about":[{"href":"https:\/\/www.arkasa.cat\/ca\/wp-json\/wp\/v2\/types\/product"}],"replies":[{"embeddable":true,"href":"https:\/\/www.arkasa.cat\/ca\/wp-json\/wp\/v2\/comments?post=2216"}],"wp:featuredmedia":[{"embeddable":true,"href":"https:\/\/www.arkasa.cat\/ca\/wp-json\/wp\/v2\/media\/2460"}],"wp:attachment":[{"href":"https:\/\/www.arkasa.cat\/ca\/wp-json\/wp\/v2\/media?parent=2216"}],"wp:term":[{"taxonomy":"product_brand","embeddable":true,"href":"https:\/\/www.arkasa.cat\/ca\/wp-json\/wp\/v2\/product_brand?post=2216"},{"taxonomy":"product_cat","embeddable":true,"href":"https:\/\/www.arkasa.cat\/ca\/wp-json\/wp\/v2\/product_cat?post=2216"},{"taxonomy":"product_tag","embeddable":true,"href":"https:\/\/www.arkasa.cat\/ca\/wp-json\/wp\/v2\/product_tag?post=2216"}],"curies":[{"name":"wp","href":"https:\/\/api.w.org\/{rel}","templated":true}]}}