{"id":2219,"date":"2019-01-15T17:41:46","date_gmt":"2019-01-15T16:41:46","guid":{"rendered":"https:\/\/www.arkasa.cat\/agenda-cuaderno-bolso\/eivissa\/"},"modified":"2019-01-15T17:41:46","modified_gmt":"2019-01-15T17:41:46","slug":"eivissa","status":"publish","type":"product","link":"https:\/\/www.arkasa.cat\/ca\/agenda-cuaderno-bolso\/eivissa\/","title":{"rendered":"Eivissa"},"content":{"rendered":"<p>Bossa de cuir de cap de setmana.<\/p>\n<p>Feta a m\u00e0 a Barcelona amb cuir de curtici\u00f3 vegetal, lliure de crom, i de proced\u00e8ncia nacional.<\/p>\n<p>No est\u00e0 folrada per dins.<\/p>\n<p>Nanses curtes i una nansa llarga que pot treure\u2019s.<\/p>\n<p>&nbsp;<\/p>\n<p>*Color blau<\/p>\n","protected":false},"excerpt":{"rendered":"<p>Bossa de cuir de cap de setmana. Feta a m\u00e0 a Barcelona amb cuir de curtici\u00f3 vegetal, lliure de crom, i de proced\u00e8ncia nacional. No est\u00e0 folrada per dins. Nanses curtes i una nansa llarga que pot treure\u2019s. &nbsp; *Color blau<\/p>\n","protected":false},"featured_media":2560,"comment_status":"open","ping_status":"closed","template":"","meta":{"_acf_changed":false},"product_brand":[],"product_cat":[72],"product_tag":[],"class_list":{"0":"post-2219","1":"product","2":"type-product","3":"status-publish","4":"has-post-thumbnail","6":"product_cat-travelbags-ca","8":"first","9":"instock","10":"taxable","11":"shipping-taxable","12":"purchasable","13":"product-type-simple"},"acf":[],"_links":{"self":[{"href":"https:\/\/www.arkasa.cat\/ca\/wp-json\/wp\/v2\/product\/2219","targetHints":{"allow":["GET"]}}],"collection":[{"href":"https:\/\/www.arkasa.cat\/ca\/wp-json\/wp\/v2\/product"}],"about":[{"href":"https:\/\/www.arkasa.cat\/ca\/wp-json\/wp\/v2\/types\/product"}],"replies":[{"embeddable":true,"href":"https:\/\/www.arkasa.cat\/ca\/wp-json\/wp\/v2\/comments?post=2219"}],"wp:featuredmedia":[{"embeddable":true,"href":"https:\/\/www.arkasa.cat\/ca\/wp-json\/wp\/v2\/media\/2560"}],"wp:attachment":[{"href":"https:\/\/www.arkasa.cat\/ca\/wp-json\/wp\/v2\/media?parent=2219"}],"wp:term":[{"taxonomy":"product_brand","embeddable":true,"href":"https:\/\/www.arkasa.cat\/ca\/wp-json\/wp\/v2\/product_brand?post=2219"},{"taxonomy":"product_cat","embeddable":true,"href":"https:\/\/www.arkasa.cat\/ca\/wp-json\/wp\/v2\/product_cat?post=2219"},{"taxonomy":"product_tag","embeddable":true,"href":"https:\/\/www.arkasa.cat\/ca\/wp-json\/wp\/v2\/product_tag?post=2219"}],"curies":[{"name":"wp","href":"https:\/\/api.w.org\/{rel}","templated":true}]}}