{"id":2226,"date":"2020-07-09T16:36:04","date_gmt":"2020-07-09T14:36:04","guid":{"rendered":"https:\/\/www.arkasa.cat\/agenda-cuaderno-bolso\/tokio\/"},"modified":"2020-07-09T16:36:04","modified_gmt":"2020-07-09T16:36:04","slug":"tokio","status":"publish","type":"product","link":"https:\/\/www.arkasa.cat\/ca\/agenda-cuaderno-bolso\/tokio\/","title":{"rendered":"T\u00f2kio"},"content":{"rendered":"<p>Bandolera feta a m\u00e0 en serratge.<\/p>\n<p>Els seu serrell cosit a la part del davant li donen un aire juvenil i desenfadat.<\/p>\n<p>Els seus colors diferents i refrescants s\u00f3n ideals per a aquesta primavera.<\/p>\n<p>Est\u00e0 folrat per dintre, t\u00e9 una butxaca amb cremallera i una altra feta amb la mateixa pell per a portar el m\u00f3bil.<\/p>\n","protected":false},"excerpt":{"rendered":"<p>Bandolera feta a m\u00e0 en serratge. Els seu serrell cosit a la part del davant li donen un aire juvenil i desenfadat. Els seus colors diferents i refrescants s\u00f3n ideals per a aquesta primavera. Est\u00e0 folrat per dintre, t\u00e9 una butxaca amb cremallera i una altra feta amb la mateixa pell per a portar el [&hellip;]<\/p>\n","protected":false},"featured_media":2589,"comment_status":"open","ping_status":"closed","template":"","meta":{"_acf_changed":false},"product_brand":[],"product_cat":[67],"product_tag":[],"class_list":{"0":"post-2226","1":"product","2":"type-product","3":"status-publish","4":"has-post-thumbnail","6":"product_cat-bosses","8":"first","9":"instock","10":"taxable","11":"shipping-taxable","12":"purchasable","13":"product-type-variable"},"acf":[],"_links":{"self":[{"href":"https:\/\/www.arkasa.cat\/ca\/wp-json\/wp\/v2\/product\/2226","targetHints":{"allow":["GET"]}}],"collection":[{"href":"https:\/\/www.arkasa.cat\/ca\/wp-json\/wp\/v2\/product"}],"about":[{"href":"https:\/\/www.arkasa.cat\/ca\/wp-json\/wp\/v2\/types\/product"}],"replies":[{"embeddable":true,"href":"https:\/\/www.arkasa.cat\/ca\/wp-json\/wp\/v2\/comments?post=2226"}],"wp:featuredmedia":[{"embeddable":true,"href":"https:\/\/www.arkasa.cat\/ca\/wp-json\/wp\/v2\/media\/2589"}],"wp:attachment":[{"href":"https:\/\/www.arkasa.cat\/ca\/wp-json\/wp\/v2\/media?parent=2226"}],"wp:term":[{"taxonomy":"product_brand","embeddable":true,"href":"https:\/\/www.arkasa.cat\/ca\/wp-json\/wp\/v2\/product_brand?post=2226"},{"taxonomy":"product_cat","embeddable":true,"href":"https:\/\/www.arkasa.cat\/ca\/wp-json\/wp\/v2\/product_cat?post=2226"},{"taxonomy":"product_tag","embeddable":true,"href":"https:\/\/www.arkasa.cat\/ca\/wp-json\/wp\/v2\/product_tag?post=2226"}],"curies":[{"name":"wp","href":"https:\/\/api.w.org\/{rel}","templated":true}]}}