{"id":2232,"date":"2021-02-11T09:09:02","date_gmt":"2021-02-11T08:09:02","guid":{"rendered":"https:\/\/www.arkasa.cat\/agenda-cuaderno-bolso\/tokio-2\/"},"modified":"2024-01-16T17:52:53","modified_gmt":"2024-01-16T16:52:53","slug":"bandolera-tokio","status":"publish","type":"product","link":"https:\/\/www.arkasa.cat\/ca\/agenda-cuaderno-bolso\/bandolera-tokio\/","title":{"rendered":"T\u00f2kio"},"content":{"rendered":"<p>Bandolera feta a m\u00e0 en serratge.<\/p>\n<p>Els seu serrell cosit a la part del davant li donen un aire juvenil i desenfadat.<\/p>\n<p>Ideals per a aquesta primavera.<\/p>\n<p>Est\u00e0 folrat per dintre, t\u00e9 una butxaca amb cremallera i una altra feta amb la mateixa pell per a portar el m\u00f3bil.<\/p>\n<p>Amb tira intercanviable i graduable de la mateixa pell.<\/p>\n<p>Pots afegir, a la teva compra, la nansa intercanviable de la foto per 15 euros (pvp solta 25\u20ac)<\/p>\n","protected":false},"excerpt":{"rendered":"<p>Bandolera feta a m\u00e0 en serratge. Els seu serrell cosit a la part del davant li donen un aire juvenil i desenfadat. Ideals per a aquesta primavera. Est\u00e0 folrat per dintre, t\u00e9 una butxaca amb cremallera i una altra feta amb la mateixa pell per a portar el m\u00f3bil. Amb tira intercanviable i graduable de [&hellip;]<\/p>\n","protected":false},"featured_media":2606,"comment_status":"open","ping_status":"closed","template":"","meta":{"_acf_changed":false},"product_brand":[],"product_cat":[67],"product_tag":[],"class_list":{"0":"post-2232","1":"product","2":"type-product","3":"status-publish","4":"has-post-thumbnail","6":"product_cat-bosses","7":"pa_asas-amb-nansa-adicional","8":"pa_asas-sense-nansa-adicional","10":"first","11":"instock","12":"taxable","13":"shipping-taxable","14":"purchasable","15":"product-type-variable"},"acf":[],"_links":{"self":[{"href":"https:\/\/www.arkasa.cat\/ca\/wp-json\/wp\/v2\/product\/2232","targetHints":{"allow":["GET"]}}],"collection":[{"href":"https:\/\/www.arkasa.cat\/ca\/wp-json\/wp\/v2\/product"}],"about":[{"href":"https:\/\/www.arkasa.cat\/ca\/wp-json\/wp\/v2\/types\/product"}],"replies":[{"embeddable":true,"href":"https:\/\/www.arkasa.cat\/ca\/wp-json\/wp\/v2\/comments?post=2232"}],"wp:featuredmedia":[{"embeddable":true,"href":"https:\/\/www.arkasa.cat\/ca\/wp-json\/wp\/v2\/media\/2606"}],"wp:attachment":[{"href":"https:\/\/www.arkasa.cat\/ca\/wp-json\/wp\/v2\/media?parent=2232"}],"wp:term":[{"taxonomy":"product_brand","embeddable":true,"href":"https:\/\/www.arkasa.cat\/ca\/wp-json\/wp\/v2\/product_brand?post=2232"},{"taxonomy":"product_cat","embeddable":true,"href":"https:\/\/www.arkasa.cat\/ca\/wp-json\/wp\/v2\/product_cat?post=2232"},{"taxonomy":"product_tag","embeddable":true,"href":"https:\/\/www.arkasa.cat\/ca\/wp-json\/wp\/v2\/product_tag?post=2232"}],"curies":[{"name":"wp","href":"https:\/\/api.w.org\/{rel}","templated":true}]}}