{"id":2237,"date":"2021-03-09T12:31:22","date_gmt":"2021-03-09T11:31:22","guid":{"rendered":"https:\/\/www.arkasa.cat\/agenda-cuaderno-bolso\/lucca\/"},"modified":"2021-03-09T12:31:22","modified_gmt":"2021-03-09T12:31:22","slug":"lucca","status":"publish","type":"product","link":"https:\/\/www.arkasa.cat\/ca\/agenda-cuaderno-bolso\/lucca\/","title":{"rendered":"LUCCA"},"content":{"rendered":"<p>Deixa&#8217;t enamorar pel cab\u00e0s Lucca i el seu color vermell.<\/p>\n<p>Una bossa de pell feta a m\u00e0 amb capacitat sorprenent.<\/p>\n<p>A mes a m\u00e9s, et sorprendr\u00e0 amb les seves dos nanses, una de pell de 3 cm i una altra en blanc i negre regulable que et permetr\u00e0 utilitzarlo a mode bandolera.<\/p>\n<p>Molts bolsos en un gr\u00e0cies a que pots intercanviar las nanses quan vulguis. Decideix quan portar-lo curt o llarg, m\u00e9s conservador o divertit, es tracta d&#8217;adaptar-lo segons cada moment.<\/p>\n<p>Va folrat per dins, amb una butxaca feta amb la mateixa pell i una altra tancada amb cremallera.<\/p>\n<p>Mides: 34 cm d&#8217;alt x 32 cm d&#8217;ample x 15 cm de profunditat<\/p>\n","protected":false},"excerpt":{"rendered":"<p>Deixa&#8217;t enamorar pel cab\u00e0s Lucca i el seu color vermell. Una bossa de pell feta a m\u00e0 amb capacitat sorprenent. A mes a m\u00e9s, et sorprendr\u00e0 amb les seves dos nanses, una de pell de 3 cm i una altra en blanc i negre regulable que et permetr\u00e0 utilitzarlo a mode bandolera. Molts bolsos en [&hellip;]<\/p>\n","protected":false},"featured_media":2644,"comment_status":"open","ping_status":"closed","template":"","meta":{"_acf_changed":false},"product_brand":[],"product_cat":[67],"product_tag":[],"class_list":{"0":"post-2237","1":"product","2":"type-product","3":"status-publish","4":"has-post-thumbnail","6":"product_cat-bosses","8":"first","9":"outofstock","10":"taxable","11":"shipping-taxable","12":"purchasable","13":"product-type-simple"},"acf":[],"_links":{"self":[{"href":"https:\/\/www.arkasa.cat\/ca\/wp-json\/wp\/v2\/product\/2237","targetHints":{"allow":["GET"]}}],"collection":[{"href":"https:\/\/www.arkasa.cat\/ca\/wp-json\/wp\/v2\/product"}],"about":[{"href":"https:\/\/www.arkasa.cat\/ca\/wp-json\/wp\/v2\/types\/product"}],"replies":[{"embeddable":true,"href":"https:\/\/www.arkasa.cat\/ca\/wp-json\/wp\/v2\/comments?post=2237"}],"wp:featuredmedia":[{"embeddable":true,"href":"https:\/\/www.arkasa.cat\/ca\/wp-json\/wp\/v2\/media\/2644"}],"wp:attachment":[{"href":"https:\/\/www.arkasa.cat\/ca\/wp-json\/wp\/v2\/media?parent=2237"}],"wp:term":[{"taxonomy":"product_brand","embeddable":true,"href":"https:\/\/www.arkasa.cat\/ca\/wp-json\/wp\/v2\/product_brand?post=2237"},{"taxonomy":"product_cat","embeddable":true,"href":"https:\/\/www.arkasa.cat\/ca\/wp-json\/wp\/v2\/product_cat?post=2237"},{"taxonomy":"product_tag","embeddable":true,"href":"https:\/\/www.arkasa.cat\/ca\/wp-json\/wp\/v2\/product_tag?post=2237"}],"curies":[{"name":"wp","href":"https:\/\/api.w.org\/{rel}","templated":true}]}}