{"id":2238,"date":"2021-03-09T15:21:06","date_gmt":"2021-03-09T14:21:06","guid":{"rendered":"https:\/\/www.arkasa.cat\/agenda-cuaderno-bolso\/ottawa\/"},"modified":"2021-03-09T15:21:06","modified_gmt":"2021-03-09T15:21:06","slug":"ottawa","status":"publish","type":"product","link":"https:\/\/www.arkasa.cat\/ca\/agenda-cuaderno-bolso\/ottawa\/","title":{"rendered":"OTTAWA"},"content":{"rendered":"<p>La bossa de pell OTTAWA neix amb l&#8217;objectiu de ser un imprescindible aquesta temporada.<\/p>\n<p>Amb el seu disseny i capacitat ideal, et permet canviar la seva nansa per a passar del seu costat m\u00e9s sexy al seu costat m\u00e9s casual.<\/p>\n<p>Amb un color ideal per a aquesta primavera\/estiu, aquesta bossa feta a m\u00e0, est\u00e0 folrada per dins, amb dos butxaques, una feta amb la mateixa pell i una altra tancada amb cremallera. Tamb\u00e9, per a que sigui m\u00e9s c\u00f2mode, hem afegit una butxaca exterior.<\/p>\n<p>Deixa&#8217;t enamorar pel seu tacte suau i el seu sutil aroma a cuir.<\/p>\n<p>La bossa OTTAWA ve amb una nansa de cadena negra.<\/p>\n<p>**Mides: 18 cm d&#8217;alt x 32 cm d&#8217;ample x 14 cm de profunditat<\/p>\n<p>*No inclou nansa addicional.<\/p>\n","protected":false},"excerpt":{"rendered":"<p>La bossa de pell OTTAWA neix amb l&#8217;objectiu de ser un imprescindible aquesta temporada. Amb el seu disseny i capacitat ideal, et permet canviar la seva nansa per a passar del seu costat m\u00e9s sexy al seu costat m\u00e9s casual. Amb un color ideal per a aquesta primavera\/estiu, aquesta bossa feta a m\u00e0, est\u00e0 folrada [&hellip;]<\/p>\n","protected":false},"featured_media":2645,"comment_status":"open","ping_status":"closed","template":"","meta":{"_acf_changed":false},"product_brand":[],"product_cat":[67],"product_tag":[],"class_list":{"0":"post-2238","1":"product","2":"type-product","3":"status-publish","4":"has-post-thumbnail","6":"product_cat-bosses","8":"first","9":"instock","10":"taxable","11":"shipping-taxable","12":"purchasable","13":"product-type-simple"},"acf":[],"_links":{"self":[{"href":"https:\/\/www.arkasa.cat\/ca\/wp-json\/wp\/v2\/product\/2238","targetHints":{"allow":["GET"]}}],"collection":[{"href":"https:\/\/www.arkasa.cat\/ca\/wp-json\/wp\/v2\/product"}],"about":[{"href":"https:\/\/www.arkasa.cat\/ca\/wp-json\/wp\/v2\/types\/product"}],"replies":[{"embeddable":true,"href":"https:\/\/www.arkasa.cat\/ca\/wp-json\/wp\/v2\/comments?post=2238"}],"wp:featuredmedia":[{"embeddable":true,"href":"https:\/\/www.arkasa.cat\/ca\/wp-json\/wp\/v2\/media\/2645"}],"wp:attachment":[{"href":"https:\/\/www.arkasa.cat\/ca\/wp-json\/wp\/v2\/media?parent=2238"}],"wp:term":[{"taxonomy":"product_brand","embeddable":true,"href":"https:\/\/www.arkasa.cat\/ca\/wp-json\/wp\/v2\/product_brand?post=2238"},{"taxonomy":"product_cat","embeddable":true,"href":"https:\/\/www.arkasa.cat\/ca\/wp-json\/wp\/v2\/product_cat?post=2238"},{"taxonomy":"product_tag","embeddable":true,"href":"https:\/\/www.arkasa.cat\/ca\/wp-json\/wp\/v2\/product_tag?post=2238"}],"curies":[{"name":"wp","href":"https:\/\/api.w.org\/{rel}","templated":true}]}}