{"id":2242,"date":"2021-06-13T11:37:55","date_gmt":"2021-06-13T11:37:55","guid":{"rendered":"https:\/\/www.arkasa.cat\/agenda-cuaderno-bolso\/sidney-2\/"},"modified":"2025-10-08T12:17:43","modified_gmt":"2025-10-08T10:17:43","slug":"agenda-sidney","status":"publish","type":"product","link":"https:\/\/www.arkasa.cat\/ca\/agenda-cuaderno-bolso\/agenda-sidney\/","title":{"rendered":"SIDNEY"},"content":{"rendered":"<p>Col\u00b7lecci\u00f3 SIDNEY.<\/p>\n<p>Agenda 2026. Format setmana vista en diferents idiomes de mida mitjana (A6) ideal per a portar sempre amb tu o mida gran (A5) per als que necessiten m\u00e9s espai.<\/p>\n<p>Feta \u00edntegrament a m\u00e0 amb paper reciclat de 90 gr. Pell tallada artesanalment, amb les imperfeccions pr\u00f2pies del cuir. Fulles en blanc al final, m\u00e9s de 100, tallades a m\u00e0 i cosides a la pell. Amb dos pl\u00e0stics per a poder guardar coses. Planificador mensual i p\u00e0gines per a fer llistes.<\/p>\n<p>Tanca amb goma el\u00e0stica.<\/p>\n<p>*L&#8217;interior de l&#8217;agenda es pot canviar cada any.<\/p>\n<p>**La pell prov\u00e9 d\u2019animals destinats al consum de carn, en cap cas se sacrifiquen animals per a l\u2019\u00fas de la seva pell.<\/p>\n","protected":false},"excerpt":{"rendered":"<p>Col\u00b7lecci\u00f3 SIDNEY. Agenda 2026. Format setmana vista en diferents idiomes de mida mitjana (A6) ideal per a portar sempre amb tu o mida gran (A5) per als que necessiten m\u00e9s espai. Feta \u00edntegrament a m\u00e0 amb paper reciclat de 90 gr. Pell tallada artesanalment, amb les imperfeccions pr\u00f2pies del cuir. Fulles en blanc al final, [&hellip;]<\/p>\n","protected":false},"featured_media":2619,"comment_status":"open","ping_status":"closed","template":"","meta":{"_acf_changed":false},"product_brand":[],"product_cat":[65],"product_tag":[],"class_list":{"0":"post-2242","1":"product","2":"type-product","3":"status-publish","4":"has-post-thumbnail","6":"product_cat-agendes","7":"product_shipping_class-envio","9":"first","10":"instock","11":"sale","12":"taxable","13":"shipping-taxable","14":"purchasable","15":"product-type-variable"},"acf":[],"_links":{"self":[{"href":"https:\/\/www.arkasa.cat\/ca\/wp-json\/wp\/v2\/product\/2242","targetHints":{"allow":["GET"]}}],"collection":[{"href":"https:\/\/www.arkasa.cat\/ca\/wp-json\/wp\/v2\/product"}],"about":[{"href":"https:\/\/www.arkasa.cat\/ca\/wp-json\/wp\/v2\/types\/product"}],"replies":[{"embeddable":true,"href":"https:\/\/www.arkasa.cat\/ca\/wp-json\/wp\/v2\/comments?post=2242"}],"wp:featuredmedia":[{"embeddable":true,"href":"https:\/\/www.arkasa.cat\/ca\/wp-json\/wp\/v2\/media\/2619"}],"wp:attachment":[{"href":"https:\/\/www.arkasa.cat\/ca\/wp-json\/wp\/v2\/media?parent=2242"}],"wp:term":[{"taxonomy":"product_brand","embeddable":true,"href":"https:\/\/www.arkasa.cat\/ca\/wp-json\/wp\/v2\/product_brand?post=2242"},{"taxonomy":"product_cat","embeddable":true,"href":"https:\/\/www.arkasa.cat\/ca\/wp-json\/wp\/v2\/product_cat?post=2242"},{"taxonomy":"product_tag","embeddable":true,"href":"https:\/\/www.arkasa.cat\/ca\/wp-json\/wp\/v2\/product_tag?post=2242"}],"curies":[{"name":"wp","href":"https:\/\/api.w.org\/{rel}","templated":true}]}}