{"id":2244,"date":"2022-01-14T16:37:18","date_gmt":"2022-01-14T15:37:18","guid":{"rendered":"https:\/\/www.arkasa.cat\/agenda-cuaderno-bolso\/formentera\/"},"modified":"2022-01-14T16:37:18","modified_gmt":"2022-01-14T16:37:18","slug":"formentera","status":"publish","type":"product","link":"https:\/\/www.arkasa.cat\/ca\/agenda-cuaderno-bolso\/formentera\/","title":{"rendered":"Formentera"},"content":{"rendered":"<p>Bossa de cuir de cap de setmana.<\/p>\n<p>Feta a m\u00e0 a Barcelona amb cuir de curtici\u00f3 vegetal, lliure de crom, i de proced\u00e8ncia nacional.<\/p>\n<p>No est\u00e0 folrada per dins.<\/p>\n<p>Nanses curtes i una nansa llarga que pot treure\u2019s.<\/p>\n<p>&nbsp;<\/p>\n<p>*Color verd<\/p>\n","protected":false},"excerpt":{"rendered":"<p>Bossa de cuir de cap de setmana. Feta a m\u00e0 a Barcelona amb cuir de curtici\u00f3 vegetal, lliure de crom, i de proced\u00e8ncia nacional. No est\u00e0 folrada per dins. Nanses curtes i una nansa llarga que pot treure\u2019s. &nbsp; *Color verd<\/p>\n","protected":false},"featured_media":2683,"comment_status":"open","ping_status":"closed","template":"","meta":{"_acf_changed":false},"product_brand":[],"product_cat":[72],"product_tag":[],"class_list":{"0":"post-2244","1":"product","2":"type-product","3":"status-publish","4":"has-post-thumbnail","6":"product_cat-travelbags-ca","8":"first","9":"instock","10":"taxable","11":"shipping-taxable","12":"purchasable","13":"product-type-simple"},"acf":[],"_links":{"self":[{"href":"https:\/\/www.arkasa.cat\/ca\/wp-json\/wp\/v2\/product\/2244","targetHints":{"allow":["GET"]}}],"collection":[{"href":"https:\/\/www.arkasa.cat\/ca\/wp-json\/wp\/v2\/product"}],"about":[{"href":"https:\/\/www.arkasa.cat\/ca\/wp-json\/wp\/v2\/types\/product"}],"replies":[{"embeddable":true,"href":"https:\/\/www.arkasa.cat\/ca\/wp-json\/wp\/v2\/comments?post=2244"}],"wp:featuredmedia":[{"embeddable":true,"href":"https:\/\/www.arkasa.cat\/ca\/wp-json\/wp\/v2\/media\/2683"}],"wp:attachment":[{"href":"https:\/\/www.arkasa.cat\/ca\/wp-json\/wp\/v2\/media?parent=2244"}],"wp:term":[{"taxonomy":"product_brand","embeddable":true,"href":"https:\/\/www.arkasa.cat\/ca\/wp-json\/wp\/v2\/product_brand?post=2244"},{"taxonomy":"product_cat","embeddable":true,"href":"https:\/\/www.arkasa.cat\/ca\/wp-json\/wp\/v2\/product_cat?post=2244"},{"taxonomy":"product_tag","embeddable":true,"href":"https:\/\/www.arkasa.cat\/ca\/wp-json\/wp\/v2\/product_tag?post=2244"}],"curies":[{"name":"wp","href":"https:\/\/api.w.org\/{rel}","templated":true}]}}